{"id":14999,"date":"2025-03-20T12:26:21","date_gmt":"2025-03-20T13:26:21","guid":{"rendered":"https:\/\/ticketzentrum.buehnen-graz.com\/?page_id=14999"},"modified":"2025-07-24T07:57:09","modified_gmt":"2025-07-24T08:57:09","slug":"ticketzentrum-goes-digital","status":"publish","type":"page","link":"https:\/\/ticketzentrum.buehnen-graz.com\/en\/ticketzentrum-goes-digital\/","title":{"rendered":"Ticketzentrum goes digital"},"content":{"rendered":"\n<div class=\"wp-block-columns is-layout-flex wp-container-core-columns-is-layout-28f84493 wp-block-columns-is-layout-flex\">\n<div class=\"wp-block-column is-layout-flow wp-block-column-is-layout-flow\">\n<p><\/p>\n\n\n\n<p>Enjoy your shows digitally and flexibly &#8211; book your tickets quickly and securely online. Save time, stay flexible and always have the cultural experience digitally with you!<\/p>\n\n\n\n<p>If you have any questions, please do not hesitate to contact us at <a href=\"mailto:tickets@ticketzentrum.at\">tickets@ticketzentrum.at<\/a>.<\/p>\n<\/div>\n\n\n\n<div class=\"wp-block-column is-layout-flow wp-block-column-is-layout-flow\">\n<figure class=\"wp-block-image aligncenter size-full is-resized\"><img loading=\"lazy\" decoding=\"async\" width=\"827\" height=\"827\" src=\"https:\/\/ticketzentrum.buehnen-graz.com\/app\/uploads\/2025\/03\/TSG25_stoerer_TZ_2.png\" alt=\"\" class=\"wp-image-11646\" style=\"width:189px;height:auto\" srcset=\"https:\/\/ticketzentrum.buehnen-graz.com\/app\/uploads\/2025\/03\/TSG25_stoerer_TZ_2.png 827w, https:\/\/ticketzentrum.buehnen-graz.com\/app\/uploads\/2025\/03\/TSG25_stoerer_TZ_2-300x300.png 300w, https:\/\/ticketzentrum.buehnen-graz.com\/app\/uploads\/2025\/03\/TSG25_stoerer_TZ_2-150x150.png 150w, https:\/\/ticketzentrum.buehnen-graz.com\/app\/uploads\/2025\/03\/TSG25_stoerer_TZ_2-768x768.png 768w, https:\/\/ticketzentrum.buehnen-graz.com\/app\/uploads\/2025\/03\/TSG25_stoerer_TZ_2-560x560.png 560w, https:\/\/ticketzentrum.buehnen-graz.com\/app\/uploads\/2025\/03\/TSG25_stoerer_TZ_2-772x772.png 772w, https:\/\/ticketzentrum.buehnen-graz.com\/app\/uploads\/2025\/03\/TSG25_stoerer_TZ_2-386x386.png 386w\" sizes=\"auto, (max-width: 827px) 100vw, 827px\" \/><\/figure>\n<\/div>\n<\/div>\n\n\n\n<h2 class=\"wp-block-heading has-color-primary-color has-text-color has-link-color wp-elements-adf86911163a919afb1b0a54462bc48f\">Your Ticketzentrum.at customer account<\/h2>\n\n\n\n<p>Your customer account is the gateway to all cultural events by B\u00fchnen Graz (Oper Graz, Schauspielhaus Graz, Next Liberty, Orpheum, Dom im Berg, Schlo\u00dfbergb\u00fchne Kasematten) as well as to numerous other events throughout Austria.<\/p>\n\n\n\n<p>Your personal customer account offers you the following advantages and options:<\/p>\n\n\n\n<ul class=\"wp-block-list\">\n<li>Use your print@home tickets directly from your customer account at the entrance control.<\/li>\n\n\n\n<li>Forgotten your ticket? It doesn&#8217;t matter &#8211; simply display the ticket in your customer account or reprint it*.<\/li>\n\n\n\n<li>Keep track of your customer credit and vouchers.<\/li>\n\n\n\n<li>Use available promotion codes directly in your profile.<\/li>\n\n\n\n<li>View your reservations conveniently online at any time.<\/li>\n\n\n\n<li>Access your entire purchase, reservation and invoice history.<\/li>\n\n\n\n<li>Manage your data such as billing addresses, any stored payment information, consent to advertising, etc.<\/li>\n<\/ul>\n\n\n\n<p><sub>*Not possible for tickets purchased with the \u201cTixzentrum app\u201d shipping method.<\/sub><\/p>\n\n\n\n<div style=\"height:40px\" aria-hidden=\"true\" class=\"wp-block-spacer\"><\/div>\n\n\n\n<h2 class=\"wp-block-heading has-color-primary-color has-text-color has-link-color wp-elements-0960e37d4bd555df5cce97da7b9bd9ec\">Your digital ticketing experience<\/h2>\n\n\n\n<p>Whether you buy your tickets online in our webshop, at our ticket counter in the Ticketzentrum on Kaiser-Josef Platz or at one of our box offices, all digital options are always available to you.<\/p>\n\n\n<div class=\"align wp-block-th-accordion\">\n    <ul class=\"accordion-list mode-close\">\n                    <li id=\"group-1-1\" class=\"accordion-group\">\n                <h3 class=\"accordion-heading\">\n                    <a href=\"#tab-1-1-section\" class=\"accordion-tab\" id=\"tab-1-1\" aria-controls=\"tab-1-1-section\" aria-expanded=\"false\" data-target=\"tab-1-1-section\" data-group=\"group-1-1\">\n                        <span>Tixzentrum &#8211; your mobile ticket app<\/span>\n                        <img decoding=\"async\" src=\"\/app\/themes\/ticketshop-website\/images\/icons\/down.svg\" alt=\"Akkordeon \u00f6ffnen Icon\">\n                    <\/a>\n                <\/h3>\n                <section class=\"accordion-panel\" id=\"tab-1-1-section\" aria-hidden=\"true\" aria-labelledby=\"tab-1-1\">\n                    <div class=\"accordion-panel-inner\">\n                        <p>You know the problem: you buy a ticket for a concert and shortly before the visit you search like crazy for the ticket? With the Tixzentrum app, you always have all your tickets with you. No more frantic searching, no more finding out in the entrance foyer that you&#8217;ve forgotten your season tickets on the bedside table&#8230;<\/p>\n<p>Enjoy all the advantages of the digital world with the Tixzentrum app:<\/p>\n<ul>\n<li>You receive your tickets directly on your smartphone.<\/li>\n<li>Each ticket is unique and therefore absolutely forgery-proof.<\/li>\n<li>Easily distribute your tickets to your companions directly in the app.<\/li>\n<li>Each ticket holder has the tickets directly with them and is ready for their visit.<\/li>\n<li>You also benefit from direct push notifications in the event of postponements, changes or cancellations.<\/li>\n<\/ul>\n<p style=\"text-align: center;\">Download the Tixzentrum app to your smartphone right here:<\/p>\n<p><a href=\"https:\/\/r.tixngo.io\/tsg\/\"><img loading=\"lazy\" decoding=\"async\" class=\"size-medium wp-image-7306 aligncenter\" src=\"https:\/\/ticketzentrum.buehnen-graz.com\/app\/uploads\/2024\/09\/Google-play-and-apple-app-store-300x60.png\" alt=\"App Store und Google Play Store\" width=\"300\" height=\"60\" srcset=\"https:\/\/ticketzentrum.buehnen-graz.com\/app\/uploads\/2024\/09\/Google-play-and-apple-app-store-300x60.png 300w, https:\/\/ticketzentrum.buehnen-graz.com\/app\/uploads\/2024\/09\/Google-play-and-apple-app-store-1024x206.png 1024w, https:\/\/ticketzentrum.buehnen-graz.com\/app\/uploads\/2024\/09\/Google-play-and-apple-app-store-768x154.png 768w, https:\/\/ticketzentrum.buehnen-graz.com\/app\/uploads\/2024\/09\/Google-play-and-apple-app-store-1536x308.png 1536w, https:\/\/ticketzentrum.buehnen-graz.com\/app\/uploads\/2024\/09\/Google-play-and-apple-app-store-2048x411.png 2048w, https:\/\/ticketzentrum.buehnen-graz.com\/app\/uploads\/2024\/09\/Google-play-and-apple-app-store-560x112.png 560w\" sizes=\"auto, (max-width: 300px) 100vw, 300px\" \/><\/a><\/p>\n<p>Further information on using the Tixzentrum app can be found in our <a href=\"https:\/\/ticketzentrum.buehnen-graz.com\/faq\/?lang=de#group-2-1\">FAQ.<\/a><\/p>\n                    <\/div>\n                <\/section>\n            <\/li>\n                        <li id=\"group-1-2\" class=\"accordion-group\">\n                <h3 class=\"accordion-heading\">\n                    <a href=\"#tab-1-2-section\" class=\"accordion-tab\" id=\"tab-1-2\" aria-controls=\"tab-1-2-section\" aria-expanded=\"false\" data-target=\"tab-1-2-section\" data-group=\"group-1-2\">\n                        <span>print@home \u2013 The classic<\/span>\n                        <img decoding=\"async\" src=\"\/app\/themes\/ticketshop-website\/images\/icons\/down.svg\" alt=\"Akkordeon \u00f6ffnen Icon\">\n                    <\/a>\n                <\/h3>\n                <section class=\"accordion-panel\" id=\"tab-1-2-section\" aria-hidden=\"true\" aria-labelledby=\"tab-1-2\">\n                    <div class=\"accordion-panel-inner\">\n                        <p>The classic digital ticket option!<\/p>\n<p>You will receive an e-mail with a link to download your tickets as a PDF.<\/p>\n<p>But that&#8217;s not all! &#8211; Use your print@home tickets directly in your Ticketzentrum customer account. There you can display the QR code of your tickets and use it to access the event.<\/p>\n                    <\/div>\n                <\/section>\n            <\/li>\n                <\/ul>\n<\/div>\n\n\n\n<div style=\"height:var(--wp--preset--spacing--xx-large)\" aria-hidden=\"true\" class=\"wp-block-spacer\"><\/div>\n\n\n\n<p><\/p>\n","protected":false},"excerpt":{"rendered":"<p>Enjoy your shows digitally and flexibly &#8211; book your tickets quickly and securely online. Save time, stay flexible and always have the cultural experience digitally with you! If you have any questions, please do not hesitate to contact us at tickets@ticketzentrum.at. Your Ticketzentrum.at customer account Your customer account is the gateway to all cultural events [&hellip;]<\/p>\n","protected":false},"author":1,"featured_media":0,"parent":0,"menu_order":0,"comment_status":"closed","ping_status":"closed","template":"","meta":{"_acf_changed":false,"footnotes":""},"class_list":["post-14999","page","type-page","status-publish","hentry"],"nelio_popups_active_popup":"","acf":[],"yoast_head":"<!-- This site is optimized with the Yoast SEO plugin v27.1.1 - https:\/\/yoast.com\/product\/yoast-seo-wordpress\/ -->\n<title>Ticketzentrum goes digital | Ticketzentrum<\/title>\n<meta name=\"robots\" content=\"index, follow, max-snippet:-1, max-image-preview:large, max-video-preview:-1\" \/>\n<link rel=\"canonical\" href=\"https:\/\/ticketzentrum.buehnen-graz.com\/en\/ticketzentrum-goes-digital\/\" \/>\n<meta property=\"og:locale\" content=\"en_GB\" \/>\n<meta property=\"og:type\" content=\"article\" \/>\n<meta property=\"og:title\" content=\"Ticketzentrum goes digital | Ticketzentrum\" \/>\n<meta property=\"og:description\" content=\"Enjoy your shows digitally and flexibly &#8211; book your tickets quickly and securely online. Save time, stay flexible and always have the cultural experience digitally with you! If you have any questions, please do not hesitate to contact us at tickets@ticketzentrum.at. Your Ticketzentrum.at customer account Your customer account is the gateway to all cultural events [&hellip;]\" \/>\n<meta property=\"og:url\" content=\"https:\/\/ticketzentrum.buehnen-graz.com\/en\/ticketzentrum-goes-digital\/\" \/>\n<meta property=\"og:site_name\" content=\"Ticketzentrum\" \/>\n<meta property=\"article:modified_time\" content=\"2025-07-24T08:57:09+00:00\" \/>\n<meta property=\"og:image\" content=\"https:\/\/ticketzentrum.buehnen-graz.com\/app\/uploads\/2025\/03\/TSG25_stoerer_TZ_2.png\" \/>\n\t<meta property=\"og:image:width\" content=\"827\" \/>\n\t<meta property=\"og:image:height\" content=\"827\" \/>\n\t<meta property=\"og:image:type\" content=\"image\/png\" \/>\n<meta name=\"twitter:card\" content=\"summary_large_image\" \/>\n<script type=\"application\/ld+json\" class=\"yoast-schema-graph\">{\"@context\":\"https:\/\/schema.org\",\"@graph\":[{\"@type\":\"WebPage\",\"@id\":\"https:\/\/ticketzentrum.buehnen-graz.com\/en\/ticketzentrum-goes-digital\/\",\"url\":\"https:\/\/ticketzentrum.buehnen-graz.com\/en\/ticketzentrum-goes-digital\/\",\"name\":\"Ticketzentrum goes digital | Ticketzentrum\",\"isPartOf\":{\"@id\":\"https:\/\/ticketzentrum.buehnen-graz.com\/#website\"},\"primaryImageOfPage\":{\"@id\":\"https:\/\/ticketzentrum.buehnen-graz.com\/en\/ticketzentrum-goes-digital\/#primaryimage\"},\"image\":{\"@id\":\"https:\/\/ticketzentrum.buehnen-graz.com\/en\/ticketzentrum-goes-digital\/#primaryimage\"},\"thumbnailUrl\":\"https:\/\/ticketzentrum.buehnen-graz.com\/app\/uploads\/2025\/03\/TSG25_stoerer_TZ_2.png\",\"datePublished\":\"2025-03-20T13:26:21+00:00\",\"dateModified\":\"2025-07-24T08:57:09+00:00\",\"breadcrumb\":{\"@id\":\"https:\/\/ticketzentrum.buehnen-graz.com\/en\/ticketzentrum-goes-digital\/#breadcrumb\"},\"inLanguage\":\"en-GB\",\"potentialAction\":[{\"@type\":\"ReadAction\",\"target\":[\"https:\/\/ticketzentrum.buehnen-graz.com\/en\/ticketzentrum-goes-digital\/\"]}]},{\"@type\":\"ImageObject\",\"inLanguage\":\"en-GB\",\"@id\":\"https:\/\/ticketzentrum.buehnen-graz.com\/en\/ticketzentrum-goes-digital\/#primaryimage\",\"url\":\"https:\/\/ticketzentrum.buehnen-graz.com\/app\/uploads\/2025\/03\/TSG25_stoerer_TZ_2.png\",\"contentUrl\":\"https:\/\/ticketzentrum.buehnen-graz.com\/app\/uploads\/2025\/03\/TSG25_stoerer_TZ_2.png\"},{\"@type\":\"BreadcrumbList\",\"@id\":\"https:\/\/ticketzentrum.buehnen-graz.com\/en\/ticketzentrum-goes-digital\/#breadcrumb\",\"itemListElement\":[{\"@type\":\"ListItem\",\"position\":1,\"name\":\"Startseite\",\"item\":\"https:\/\/ticketzentrum.buehnen-graz.com\/en\/\"},{\"@type\":\"ListItem\",\"position\":2,\"name\":\"Ticketzentrum goes digital\"}]},{\"@type\":\"WebSite\",\"@id\":\"https:\/\/ticketzentrum.buehnen-graz.com\/#website\",\"url\":\"https:\/\/ticketzentrum.buehnen-graz.com\/\",\"name\":\"Ticketzentrum der B\u00fchnen Graz\",\"description\":\"Ticketzentrum bietet online Tickets zu verschiedenen Kultur- und Entertainmentevents rund um Graz\",\"publisher\":{\"@id\":\"https:\/\/ticketzentrum.buehnen-graz.com\/#organization\"},\"potentialAction\":[{\"@type\":\"SearchAction\",\"target\":{\"@type\":\"EntryPoint\",\"urlTemplate\":\"https:\/\/ticketzentrum.buehnen-graz.com\/?s={search_term_string}\"},\"query-input\":{\"@type\":\"PropertyValueSpecification\",\"valueRequired\":true,\"valueName\":\"search_term_string\"}}],\"inLanguage\":\"en-GB\"},{\"@type\":\"Organization\",\"@id\":\"https:\/\/ticketzentrum.buehnen-graz.com\/#organization\",\"name\":\"art + event | Theaterservice Graz GmbH\",\"url\":\"https:\/\/ticketzentrum.buehnen-graz.com\/\",\"logo\":{\"@type\":\"ImageObject\",\"inLanguage\":\"en-GB\",\"@id\":\"https:\/\/ticketzentrum.buehnen-graz.com\/#\/schema\/logo\/image\/\",\"url\":\"https:\/\/ticketzentrum.buehnen-graz.com\/app\/uploads\/2024\/05\/tz-logo-header.png\",\"contentUrl\":\"https:\/\/ticketzentrum.buehnen-graz.com\/app\/uploads\/2024\/05\/tz-logo-header.png\",\"width\":278,\"height\":36,\"caption\":\"art + event | Theaterservice Graz GmbH\"},\"image\":{\"@id\":\"https:\/\/ticketzentrum.buehnen-graz.com\/#\/schema\/logo\/image\/\"}}]}<\/script>\n<!-- \/ Yoast SEO plugin. -->","yoast_head_json":{"title":"Ticketzentrum goes digital | Ticketzentrum","robots":{"index":"index","follow":"follow","max-snippet":"max-snippet:-1","max-image-preview":"max-image-preview:large","max-video-preview":"max-video-preview:-1"},"canonical":"https:\/\/ticketzentrum.buehnen-graz.com\/en\/ticketzentrum-goes-digital\/","og_locale":"en_GB","og_type":"article","og_title":"Ticketzentrum goes digital | Ticketzentrum","og_description":"Enjoy your shows digitally and flexibly &#8211; book your tickets quickly and securely online. Save time, stay flexible and always have the cultural experience digitally with you! If you have any questions, please do not hesitate to contact us at tickets@ticketzentrum.at. Your Ticketzentrum.at customer account Your customer account is the gateway to all cultural events [&hellip;]","og_url":"https:\/\/ticketzentrum.buehnen-graz.com\/en\/ticketzentrum-goes-digital\/","og_site_name":"Ticketzentrum","article_modified_time":"2025-07-24T08:57:09+00:00","og_image":[{"width":827,"height":827,"url":"https:\/\/ticketzentrum.buehnen-graz.com\/app\/uploads\/2025\/03\/TSG25_stoerer_TZ_2.png","type":"image\/png"}],"twitter_card":"summary_large_image","schema":{"@context":"https:\/\/schema.org","@graph":[{"@type":"WebPage","@id":"https:\/\/ticketzentrum.buehnen-graz.com\/en\/ticketzentrum-goes-digital\/","url":"https:\/\/ticketzentrum.buehnen-graz.com\/en\/ticketzentrum-goes-digital\/","name":"Ticketzentrum goes digital | Ticketzentrum","isPartOf":{"@id":"https:\/\/ticketzentrum.buehnen-graz.com\/#website"},"primaryImageOfPage":{"@id":"https:\/\/ticketzentrum.buehnen-graz.com\/en\/ticketzentrum-goes-digital\/#primaryimage"},"image":{"@id":"https:\/\/ticketzentrum.buehnen-graz.com\/en\/ticketzentrum-goes-digital\/#primaryimage"},"thumbnailUrl":"https:\/\/ticketzentrum.buehnen-graz.com\/app\/uploads\/2025\/03\/TSG25_stoerer_TZ_2.png","datePublished":"2025-03-20T13:26:21+00:00","dateModified":"2025-07-24T08:57:09+00:00","breadcrumb":{"@id":"https:\/\/ticketzentrum.buehnen-graz.com\/en\/ticketzentrum-goes-digital\/#breadcrumb"},"inLanguage":"en-GB","potentialAction":[{"@type":"ReadAction","target":["https:\/\/ticketzentrum.buehnen-graz.com\/en\/ticketzentrum-goes-digital\/"]}]},{"@type":"ImageObject","inLanguage":"en-GB","@id":"https:\/\/ticketzentrum.buehnen-graz.com\/en\/ticketzentrum-goes-digital\/#primaryimage","url":"https:\/\/ticketzentrum.buehnen-graz.com\/app\/uploads\/2025\/03\/TSG25_stoerer_TZ_2.png","contentUrl":"https:\/\/ticketzentrum.buehnen-graz.com\/app\/uploads\/2025\/03\/TSG25_stoerer_TZ_2.png"},{"@type":"BreadcrumbList","@id":"https:\/\/ticketzentrum.buehnen-graz.com\/en\/ticketzentrum-goes-digital\/#breadcrumb","itemListElement":[{"@type":"ListItem","position":1,"name":"Startseite","item":"https:\/\/ticketzentrum.buehnen-graz.com\/en\/"},{"@type":"ListItem","position":2,"name":"Ticketzentrum goes digital"}]},{"@type":"WebSite","@id":"https:\/\/ticketzentrum.buehnen-graz.com\/#website","url":"https:\/\/ticketzentrum.buehnen-graz.com\/","name":"Ticketzentrum der B\u00fchnen Graz","description":"Ticketzentrum bietet online Tickets zu verschiedenen Kultur- und Entertainmentevents rund um Graz","publisher":{"@id":"https:\/\/ticketzentrum.buehnen-graz.com\/#organization"},"potentialAction":[{"@type":"SearchAction","target":{"@type":"EntryPoint","urlTemplate":"https:\/\/ticketzentrum.buehnen-graz.com\/?s={search_term_string}"},"query-input":{"@type":"PropertyValueSpecification","valueRequired":true,"valueName":"search_term_string"}}],"inLanguage":"en-GB"},{"@type":"Organization","@id":"https:\/\/ticketzentrum.buehnen-graz.com\/#organization","name":"art + event | Theaterservice Graz GmbH","url":"https:\/\/ticketzentrum.buehnen-graz.com\/","logo":{"@type":"ImageObject","inLanguage":"en-GB","@id":"https:\/\/ticketzentrum.buehnen-graz.com\/#\/schema\/logo\/image\/","url":"https:\/\/ticketzentrum.buehnen-graz.com\/app\/uploads\/2024\/05\/tz-logo-header.png","contentUrl":"https:\/\/ticketzentrum.buehnen-graz.com\/app\/uploads\/2024\/05\/tz-logo-header.png","width":278,"height":36,"caption":"art + event | Theaterservice Graz GmbH"},"image":{"@id":"https:\/\/ticketzentrum.buehnen-graz.com\/#\/schema\/logo\/image\/"}}]}},"_links":{"self":[{"href":"https:\/\/ticketzentrum.buehnen-graz.com\/en\/wp-json\/wp\/v2\/pages\/14999","targetHints":{"allow":["GET"]}}],"collection":[{"href":"https:\/\/ticketzentrum.buehnen-graz.com\/en\/wp-json\/wp\/v2\/pages"}],"about":[{"href":"https:\/\/ticketzentrum.buehnen-graz.com\/en\/wp-json\/wp\/v2\/types\/page"}],"author":[{"embeddable":true,"href":"https:\/\/ticketzentrum.buehnen-graz.com\/en\/wp-json\/wp\/v2\/users\/1"}],"replies":[{"embeddable":true,"href":"https:\/\/ticketzentrum.buehnen-graz.com\/en\/wp-json\/wp\/v2\/comments?post=14999"}],"version-history":[{"count":2,"href":"https:\/\/ticketzentrum.buehnen-graz.com\/en\/wp-json\/wp\/v2\/pages\/14999\/revisions"}],"predecessor-version":[{"id":15003,"href":"https:\/\/ticketzentrum.buehnen-graz.com\/en\/wp-json\/wp\/v2\/pages\/14999\/revisions\/15003"}],"wp:attachment":[{"href":"https:\/\/ticketzentrum.buehnen-graz.com\/en\/wp-json\/wp\/v2\/media?parent=14999"}],"curies":[{"name":"wp","href":"https:\/\/api.w.org\/{rel}","templated":true}]}}