{"id":9387,"date":"2024-11-19T09:42:03","date_gmt":"2024-11-19T10:42:03","guid":{"rendered":"https:\/\/ticketzentrum.buehnen-graz.com\/the-buehnen-graz-card\/"},"modified":"2026-01-08T09:29:06","modified_gmt":"2026-01-08T10:29:06","slug":"the-buehnen-graz-card","status":"publish","type":"page","link":"https:\/\/ticketzentrum.buehnen-graz.com\/en\/the-buehnen-graz-card\/","title":{"rendered":"The B\u00fchnen Graz Card"},"content":{"rendered":"\n<p>You would like to go to the theater more frequently without having to commit to fixed subscription dates? Then our\u00a0<em><strong>B\u00fchnen Graz Card<\/strong><\/em> is just the right thing for you!\u00a0<\/p>\n\n\n\n<p><strong>Pay \u20ac 70,- | save 30% | enjoy 100% culture<\/strong><\/p>\n\n\n\n<p>Get your B\u00fchnen Graz Card in our online store or at the ticket center at Kaiser-Josef-Platz 10.<\/p>\n\n\n\n<div class=\"wp-block-columns is-layout-flex wp-container-core-columns-is-layout-28f84493 wp-block-columns-is-layout-flex\">\n<div class=\"wp-block-column is-layout-flow wp-block-column-is-layout-flow\"><div class=\"align wp-block-th-secutix-product\">\n    <article id=\"block_2aeb90eac85ae76f0aac9b3716c519c9\" class=\"secutix-product\">\n    <\/article>\n        <script type=\"text\/javascript\">\n        STX.Widgets.start({\n            hostname: \"tickets.buehnen-graz.com\",\n            apiKey: \"11147f8b-eb48-4fd8-8d75-85c5ed04543e\",\n            language: \"en\",\n            widgets: [{\n                widget: \"Product\",\n                root: \"#block_2aeb90eac85ae76f0aac9b3716c519c9\",\n                productId: 10229468557826,\n                aspectRatio: \"WIDE\",\nshowActions: true,\nshowImage: true,\nshowOccurrences: false,\nshowDescription: true,\nshowPrice: true,\nshowTitle: true,\n                language: \"en\",\n            }],\n        })\n    <\/script><\/div>\n<\/div>\n\n\n\n<div class=\"wp-block-column is-layout-flow wp-block-column-is-layout-flow\">\n<figure class=\"wp-block-image size-full has-custom-border\"><img loading=\"lazy\" decoding=\"async\" width=\"1000\" height=\"1000\" src=\"https:\/\/ticketzentrum.buehnen-graz.com\/app\/uploads\/2025\/09\/BG25_saisonstart_screen_1920x1080_Tixzentrum_2.png\" alt=\"Die B\u00fchnen Graz Card\" class=\"wp-image-15420\" style=\"border-style:none;border-width:0px;border-radius:8px\" srcset=\"https:\/\/ticketzentrum.buehnen-graz.com\/app\/uploads\/2025\/09\/BG25_saisonstart_screen_1920x1080_Tixzentrum_2.png 1000w, https:\/\/ticketzentrum.buehnen-graz.com\/app\/uploads\/2025\/09\/BG25_saisonstart_screen_1920x1080_Tixzentrum_2-300x300.png 300w, https:\/\/ticketzentrum.buehnen-graz.com\/app\/uploads\/2025\/09\/BG25_saisonstart_screen_1920x1080_Tixzentrum_2-150x150.png 150w, https:\/\/ticketzentrum.buehnen-graz.com\/app\/uploads\/2025\/09\/BG25_saisonstart_screen_1920x1080_Tixzentrum_2-768x768.png 768w, https:\/\/ticketzentrum.buehnen-graz.com\/app\/uploads\/2025\/09\/BG25_saisonstart_screen_1920x1080_Tixzentrum_2-560x560.png 560w, https:\/\/ticketzentrum.buehnen-graz.com\/app\/uploads\/2025\/09\/BG25_saisonstart_screen_1920x1080_Tixzentrum_2-772x772.png 772w, https:\/\/ticketzentrum.buehnen-graz.com\/app\/uploads\/2025\/09\/BG25_saisonstart_screen_1920x1080_Tixzentrum_2-386x386.png 386w\" sizes=\"auto, (max-width: 1000px) 100vw, 1000px\" \/><\/figure>\n<\/div>\n<\/div>\n\n\n\n<p><\/p>\n\n\n\n<h4 class=\"wp-block-heading\">The B\u00fchnen Graz Card at a glance<\/h4>\n\n\n\n<p><\/p>\n\n\n\n<p><strong>Annual fee<\/strong>: \u20ac 70<\/p>\n\n\n\n<p><strong>Validity<\/strong>: 1 year from date of purchase<\/p>\n\n\n\n<ul class=\"wp-block-list\">\n<li style=\"line-height:1.6\"><strong>30% off the full price<\/strong>&nbsp;for all performances on the main stages of Oper Graz and Schauspielhaus Graz<br><em>(excluding premieres, guest performances and special events)<\/em><\/li>\n\n\n\n<li style=\"line-height:1.6\"><strong>10% discount<\/strong>&nbsp;on full-price tickets for the Opera Redoute &#8211; the ball highlight of the year<\/li>\n\n\n\n<li style=\"line-height:1.6\"><strong>Next Liberty<\/strong>: Reduced ticket price for evening performances of the current season&#8217;s youth production<\/li>\n\n\n\n<li style=\"line-height:1.6\"><strong>Discounts at the Universalmuseum Joanneum<\/strong>:\n<ul class=\"wp-block-list\">\n<li><strong>Location ticket<\/strong>: \u20ac 2,- discount (available at the location)<\/li>\n\n\n\n<li><strong>24h-ticket<\/strong>: \u20ac 3,- discount (available at the location)<\/li>\n\n\n\n<li><strong>Annual ticket<\/strong>&nbsp;for only \u20ac 27,- (available at the Ticketzentrum)<\/li>\n<\/ul>\n<\/li>\n\n\n\n<li><strong>Orpheum Graz, Dom im Berg, Schlo\u00dfbergb\u00fchne Kasematten:<\/strong> free checkroom on presentation of your card (max. 2 checkroom items per card member, with checkroom staff)&nbsp;<\/li>\n\n\n\n<li style=\"line-height:1.6\"><strong>Special offers and selective discounts<\/strong>: On selected dates, B\u00fchnen Graz Card holders:in&nbsp;receive discounts for events at venues in Graz (Orpheum, Dom im Berg, Schlossbergb\u00fchne Kasematten). Information on this will be sent to B\u00fchnen Graz Card holders on a case-by-case basis.<\/li>\n<\/ul>\n\n\n\n<p><\/p>\n\n\n\n<h4 class=\"wp-block-heading\">The most important notes on use<\/h4>\n\n\n\n<p><\/p>\n\n\n\n<ul class=\"wp-block-list\">\n<li style=\"line-height:1.6\"><strong>always have your card with you<\/strong>: Please bring your B\u00fchnen Graz Card (physical or in your iPhone Wallet) to every performance.<\/li>\n\n\n\n<li style=\"line-height:1.6\"><strong>Maximum 2 tickets per performance<\/strong>: The discounts apply to a maximum of two tickets per performance.<\/li>\n\n\n\n<li style=\"line-height:1.6\"><strong>Offer limited to full-price tickets<\/strong>: The discount applies exclusively to regular full-price tickets under the conditions listed above.<\/li>\n\n\n\n<li><strong>The B\u00fchnen Graz Card as a gift:<\/strong> You will receive a gift voucher for the B\u00fchnen Graz Card at the Ticket Center. The person receiving the gift then exchanges it for a B\u00fchnen Graz Card, which is personalized and activated at the Ticket Centre. <br><\/li>\n<\/ul>\n\n\n\n<div class=\"wp-block-buttons is-horizontal is-content-justification-center is-layout-flex wp-container-core-buttons-is-layout-03627597 wp-block-buttons-is-layout-flex\">\n<div class=\"wp-block-button is-style-outline is-style-outline--1\"><a class=\"wp-block-button__link has-black-color has-white-background-color has-text-color has-background has-link-color has-medium-font-size has-text-align-center has-custom-font-size wp-element-button\" href=\"https:\/\/www.buehnen-graz.com\/card\/\" style=\"border-width:1px;border-radius:5px\" target=\"_blank\" rel=\"noreferrer noopener\">Detailed information<\/a><\/div>\n\n\n\n<div class=\"wp-block-button is-style-outline is-style-outline--2\"><a class=\"wp-block-button__link has-white-color has-black-background-color has-text-color has-background has-link-color has-medium-font-size has-custom-font-size wp-element-button\" href=\"https:\/\/tickets.buehnen-graz.com\/selection\/membership?productId=10229468557826&amp;_gl=1*13bs2nc*_gcl_au*MTkxNjY1NjkxNS4xNzU3NTExMDk3LjIwMjY1MDQ5MTEuMTc1NzU5MzE3OC4xNzU3NTkzMTc3*_ga*MTQzMzI4ODE3Ni4xNzU3NTExMDk3*_ga_H5RN38XEDV*czE3NTc2NjA3NzYkbzQkZzEkdDE3NTc2NjEzOTUkajU1JGwwJGgxNTI1NDM4NDEz\" style=\"border-width:1px;border-radius:5px\">Buy now!<\/a><\/div>\n<\/div>\n","protected":false},"excerpt":{"rendered":"<p>You would like to go to the theater more frequently without having to commit to fixed subscription dates? Then our\u00a0B\u00fchnen Graz Card is just the right thing for you!\u00a0 Pay \u20ac 70,- | save 30% | enjoy 100% culture Get your B\u00fchnen Graz Card in our online store or at the ticket center at Kaiser-Josef-Platz [&hellip;]<\/p>\n","protected":false},"author":4,"featured_media":0,"parent":0,"menu_order":0,"comment_status":"closed","ping_status":"closed","template":"","meta":{"_acf_changed":false,"footnotes":""},"class_list":["post-9387","page","type-page","status-publish","hentry"],"nelio_popups_active_popup":"","acf":[],"yoast_head":"<!-- This site is optimized with the Yoast SEO plugin v27.1.1 - https:\/\/yoast.com\/product\/yoast-seo-wordpress\/ -->\n<title>The B\u00fchnen Graz Card - Smart cultural enjoyment at a glance<\/title>\n<meta name=\"description\" content=\"The B\u00fchnen Graz Card - smart cultural enjoyment! Pay \u20ac 70,- | save 30% | enjoy 100% culture \u27a4 Order your B\u00fchnen Graz Card now!\" \/>\n<meta name=\"robots\" content=\"index, follow, max-snippet:-1, max-image-preview:large, max-video-preview:-1\" \/>\n<link rel=\"canonical\" href=\"https:\/\/ticketzentrum.buehnen-graz.com\/en\/the-buehnen-graz-card\/\" \/>\n<meta property=\"og:locale\" content=\"en_GB\" \/>\n<meta property=\"og:type\" content=\"article\" \/>\n<meta property=\"og:title\" content=\"The B\u00fchnen Graz Card - Smart cultural enjoyment at a glance\" \/>\n<meta property=\"og:description\" content=\"The B\u00fchnen Graz Card - smart cultural enjoyment! Pay \u20ac 70,- | save 30% | enjoy 100% culture \u27a4 Order your B\u00fchnen Graz Card now!\" \/>\n<meta property=\"og:url\" content=\"https:\/\/ticketzentrum.buehnen-graz.com\/en\/the-buehnen-graz-card\/\" \/>\n<meta property=\"og:site_name\" content=\"Ticketzentrum\" \/>\n<meta property=\"article:modified_time\" content=\"2026-01-08T10:29:06+00:00\" \/>\n<meta property=\"og:image\" content=\"https:\/\/ticketzentrum.buehnen-graz.com\/app\/uploads\/2025\/09\/BG25_saisonstart_screen_1920x1080_Tixzentrum_2.png\" \/>\n\t<meta property=\"og:image:width\" content=\"1000\" \/>\n\t<meta property=\"og:image:height\" content=\"1000\" \/>\n\t<meta property=\"og:image:type\" content=\"image\/png\" \/>\n<meta name=\"twitter:card\" content=\"summary_large_image\" \/>\n<script type=\"application\/ld+json\" class=\"yoast-schema-graph\">{\"@context\":\"https:\/\/schema.org\",\"@graph\":[{\"@type\":\"WebPage\",\"@id\":\"https:\/\/ticketzentrum.buehnen-graz.com\/en\/the-buehnen-graz-card\/\",\"url\":\"https:\/\/ticketzentrum.buehnen-graz.com\/en\/the-buehnen-graz-card\/\",\"name\":\"The B\u00fchnen Graz Card - Smart cultural enjoyment at a glance\",\"isPartOf\":{\"@id\":\"https:\/\/ticketzentrum.buehnen-graz.com\/#website\"},\"primaryImageOfPage\":{\"@id\":\"https:\/\/ticketzentrum.buehnen-graz.com\/en\/the-buehnen-graz-card\/#primaryimage\"},\"image\":{\"@id\":\"https:\/\/ticketzentrum.buehnen-graz.com\/en\/the-buehnen-graz-card\/#primaryimage\"},\"thumbnailUrl\":\"https:\/\/ticketzentrum.buehnen-graz.com\/app\/uploads\/2025\/09\/BG25_saisonstart_screen_1920x1080_Tixzentrum_2.png\",\"datePublished\":\"2024-11-19T10:42:03+00:00\",\"dateModified\":\"2026-01-08T10:29:06+00:00\",\"description\":\"The B\u00fchnen Graz Card - smart cultural enjoyment! Pay \u20ac 70,- | save 30% | enjoy 100% culture \u27a4 Order your B\u00fchnen Graz Card now!\",\"breadcrumb\":{\"@id\":\"https:\/\/ticketzentrum.buehnen-graz.com\/en\/the-buehnen-graz-card\/#breadcrumb\"},\"inLanguage\":\"en-GB\",\"potentialAction\":[{\"@type\":\"ReadAction\",\"target\":[\"https:\/\/ticketzentrum.buehnen-graz.com\/en\/the-buehnen-graz-card\/\"]}]},{\"@type\":\"ImageObject\",\"inLanguage\":\"en-GB\",\"@id\":\"https:\/\/ticketzentrum.buehnen-graz.com\/en\/the-buehnen-graz-card\/#primaryimage\",\"url\":\"https:\/\/ticketzentrum.buehnen-graz.com\/app\/uploads\/2025\/09\/BG25_saisonstart_screen_1920x1080_Tixzentrum_2.png\",\"contentUrl\":\"https:\/\/ticketzentrum.buehnen-graz.com\/app\/uploads\/2025\/09\/BG25_saisonstart_screen_1920x1080_Tixzentrum_2.png\"},{\"@type\":\"BreadcrumbList\",\"@id\":\"https:\/\/ticketzentrum.buehnen-graz.com\/en\/the-buehnen-graz-card\/#breadcrumb\",\"itemListElement\":[{\"@type\":\"ListItem\",\"position\":1,\"name\":\"Startseite\",\"item\":\"https:\/\/ticketzentrum.buehnen-graz.com\/en\/\"},{\"@type\":\"ListItem\",\"position\":2,\"name\":\"The B\u00fchnen Graz Card\"}]},{\"@type\":\"WebSite\",\"@id\":\"https:\/\/ticketzentrum.buehnen-graz.com\/#website\",\"url\":\"https:\/\/ticketzentrum.buehnen-graz.com\/\",\"name\":\"Ticketzentrum der B\u00fchnen Graz\",\"description\":\"Ticketzentrum bietet online Tickets zu verschiedenen Kultur- und Entertainmentevents rund um Graz\",\"publisher\":{\"@id\":\"https:\/\/ticketzentrum.buehnen-graz.com\/#organization\"},\"potentialAction\":[{\"@type\":\"SearchAction\",\"target\":{\"@type\":\"EntryPoint\",\"urlTemplate\":\"https:\/\/ticketzentrum.buehnen-graz.com\/?s={search_term_string}\"},\"query-input\":{\"@type\":\"PropertyValueSpecification\",\"valueRequired\":true,\"valueName\":\"search_term_string\"}}],\"inLanguage\":\"en-GB\"},{\"@type\":\"Organization\",\"@id\":\"https:\/\/ticketzentrum.buehnen-graz.com\/#organization\",\"name\":\"art + event | Theaterservice Graz GmbH\",\"url\":\"https:\/\/ticketzentrum.buehnen-graz.com\/\",\"logo\":{\"@type\":\"ImageObject\",\"inLanguage\":\"en-GB\",\"@id\":\"https:\/\/ticketzentrum.buehnen-graz.com\/#\/schema\/logo\/image\/\",\"url\":\"https:\/\/ticketzentrum.buehnen-graz.com\/app\/uploads\/2024\/05\/tz-logo-header.png\",\"contentUrl\":\"https:\/\/ticketzentrum.buehnen-graz.com\/app\/uploads\/2024\/05\/tz-logo-header.png\",\"width\":278,\"height\":36,\"caption\":\"art + event | Theaterservice Graz GmbH\"},\"image\":{\"@id\":\"https:\/\/ticketzentrum.buehnen-graz.com\/#\/schema\/logo\/image\/\"}}]}<\/script>\n<!-- \/ Yoast SEO plugin. -->","yoast_head_json":{"title":"The B\u00fchnen Graz Card - Smart cultural enjoyment at a glance","description":"The B\u00fchnen Graz Card - smart cultural enjoyment! Pay \u20ac 70,- | save 30% | enjoy 100% culture \u27a4 Order your B\u00fchnen Graz Card now!","robots":{"index":"index","follow":"follow","max-snippet":"max-snippet:-1","max-image-preview":"max-image-preview:large","max-video-preview":"max-video-preview:-1"},"canonical":"https:\/\/ticketzentrum.buehnen-graz.com\/en\/the-buehnen-graz-card\/","og_locale":"en_GB","og_type":"article","og_title":"The B\u00fchnen Graz Card - Smart cultural enjoyment at a glance","og_description":"The B\u00fchnen Graz Card - smart cultural enjoyment! Pay \u20ac 70,- | save 30% | enjoy 100% culture \u27a4 Order your B\u00fchnen Graz Card now!","og_url":"https:\/\/ticketzentrum.buehnen-graz.com\/en\/the-buehnen-graz-card\/","og_site_name":"Ticketzentrum","article_modified_time":"2026-01-08T10:29:06+00:00","og_image":[{"width":1000,"height":1000,"url":"https:\/\/ticketzentrum.buehnen-graz.com\/app\/uploads\/2025\/09\/BG25_saisonstart_screen_1920x1080_Tixzentrum_2.png","type":"image\/png"}],"twitter_card":"summary_large_image","schema":{"@context":"https:\/\/schema.org","@graph":[{"@type":"WebPage","@id":"https:\/\/ticketzentrum.buehnen-graz.com\/en\/the-buehnen-graz-card\/","url":"https:\/\/ticketzentrum.buehnen-graz.com\/en\/the-buehnen-graz-card\/","name":"The B\u00fchnen Graz Card - Smart cultural enjoyment at a glance","isPartOf":{"@id":"https:\/\/ticketzentrum.buehnen-graz.com\/#website"},"primaryImageOfPage":{"@id":"https:\/\/ticketzentrum.buehnen-graz.com\/en\/the-buehnen-graz-card\/#primaryimage"},"image":{"@id":"https:\/\/ticketzentrum.buehnen-graz.com\/en\/the-buehnen-graz-card\/#primaryimage"},"thumbnailUrl":"https:\/\/ticketzentrum.buehnen-graz.com\/app\/uploads\/2025\/09\/BG25_saisonstart_screen_1920x1080_Tixzentrum_2.png","datePublished":"2024-11-19T10:42:03+00:00","dateModified":"2026-01-08T10:29:06+00:00","description":"The B\u00fchnen Graz Card - smart cultural enjoyment! Pay \u20ac 70,- | save 30% | enjoy 100% culture \u27a4 Order your B\u00fchnen Graz Card now!","breadcrumb":{"@id":"https:\/\/ticketzentrum.buehnen-graz.com\/en\/the-buehnen-graz-card\/#breadcrumb"},"inLanguage":"en-GB","potentialAction":[{"@type":"ReadAction","target":["https:\/\/ticketzentrum.buehnen-graz.com\/en\/the-buehnen-graz-card\/"]}]},{"@type":"ImageObject","inLanguage":"en-GB","@id":"https:\/\/ticketzentrum.buehnen-graz.com\/en\/the-buehnen-graz-card\/#primaryimage","url":"https:\/\/ticketzentrum.buehnen-graz.com\/app\/uploads\/2025\/09\/BG25_saisonstart_screen_1920x1080_Tixzentrum_2.png","contentUrl":"https:\/\/ticketzentrum.buehnen-graz.com\/app\/uploads\/2025\/09\/BG25_saisonstart_screen_1920x1080_Tixzentrum_2.png"},{"@type":"BreadcrumbList","@id":"https:\/\/ticketzentrum.buehnen-graz.com\/en\/the-buehnen-graz-card\/#breadcrumb","itemListElement":[{"@type":"ListItem","position":1,"name":"Startseite","item":"https:\/\/ticketzentrum.buehnen-graz.com\/en\/"},{"@type":"ListItem","position":2,"name":"The B\u00fchnen Graz Card"}]},{"@type":"WebSite","@id":"https:\/\/ticketzentrum.buehnen-graz.com\/#website","url":"https:\/\/ticketzentrum.buehnen-graz.com\/","name":"Ticketzentrum der B\u00fchnen Graz","description":"Ticketzentrum bietet online Tickets zu verschiedenen Kultur- und Entertainmentevents rund um Graz","publisher":{"@id":"https:\/\/ticketzentrum.buehnen-graz.com\/#organization"},"potentialAction":[{"@type":"SearchAction","target":{"@type":"EntryPoint","urlTemplate":"https:\/\/ticketzentrum.buehnen-graz.com\/?s={search_term_string}"},"query-input":{"@type":"PropertyValueSpecification","valueRequired":true,"valueName":"search_term_string"}}],"inLanguage":"en-GB"},{"@type":"Organization","@id":"https:\/\/ticketzentrum.buehnen-graz.com\/#organization","name":"art + event | Theaterservice Graz GmbH","url":"https:\/\/ticketzentrum.buehnen-graz.com\/","logo":{"@type":"ImageObject","inLanguage":"en-GB","@id":"https:\/\/ticketzentrum.buehnen-graz.com\/#\/schema\/logo\/image\/","url":"https:\/\/ticketzentrum.buehnen-graz.com\/app\/uploads\/2024\/05\/tz-logo-header.png","contentUrl":"https:\/\/ticketzentrum.buehnen-graz.com\/app\/uploads\/2024\/05\/tz-logo-header.png","width":278,"height":36,"caption":"art + event | Theaterservice Graz GmbH"},"image":{"@id":"https:\/\/ticketzentrum.buehnen-graz.com\/#\/schema\/logo\/image\/"}}]}},"_links":{"self":[{"href":"https:\/\/ticketzentrum.buehnen-graz.com\/en\/wp-json\/wp\/v2\/pages\/9387","targetHints":{"allow":["GET"]}}],"collection":[{"href":"https:\/\/ticketzentrum.buehnen-graz.com\/en\/wp-json\/wp\/v2\/pages"}],"about":[{"href":"https:\/\/ticketzentrum.buehnen-graz.com\/en\/wp-json\/wp\/v2\/types\/page"}],"author":[{"embeddable":true,"href":"https:\/\/ticketzentrum.buehnen-graz.com\/en\/wp-json\/wp\/v2\/users\/4"}],"replies":[{"embeddable":true,"href":"https:\/\/ticketzentrum.buehnen-graz.com\/en\/wp-json\/wp\/v2\/comments?post=9387"}],"version-history":[{"count":12,"href":"https:\/\/ticketzentrum.buehnen-graz.com\/en\/wp-json\/wp\/v2\/pages\/9387\/revisions"}],"predecessor-version":[{"id":16662,"href":"https:\/\/ticketzentrum.buehnen-graz.com\/en\/wp-json\/wp\/v2\/pages\/9387\/revisions\/16662"}],"wp:attachment":[{"href":"https:\/\/ticketzentrum.buehnen-graz.com\/en\/wp-json\/wp\/v2\/media?parent=9387"}],"curies":[{"name":"wp","href":"https:\/\/api.w.org\/{rel}","templated":true}]}}